{"id":1157,"date":"2026-02-26T10:11:23","date_gmt":"2026-02-26T10:11:23","guid":{"rendered":"https:\/\/dev.lumins.tn\/?product=socle-rond-noir-orientable-pvc"},"modified":"2026-02-26T10:13:52","modified_gmt":"2026-02-26T10:13:52","slug":"socle-rond-noir-orientable-pvc","status":"publish","type":"product","link":"https:\/\/dev.lumins.tn\/?product=socle-rond-noir-orientable-pvc","title":{"rendered":"SOCLE ROND NOIR ORIENTABLE PVC"},"content":{"rendered":"<p>Le <strong data-start=\"68\" data-end=\"116\">socle rond orientable en PVC, finition noir<\/strong>, est un support d\u2019\u00e9clairage pratique et moderne, con\u00e7u pour diriger la lumi\u00e8re selon vos besoins. Gr\u00e2ce \u00e0 son syst\u00e8me orientable, il permet un \u00e9clairage cibl\u00e9 et pr\u00e9cis, id\u00e9al pour mettre en valeur des espaces ou des objets sp\u00e9cifiques.<\/p>\n","protected":false},"excerpt":{"rendered":"<p><strong data-start=\"112\" data-end=\"129\">D\u00e9signation :<\/strong> Socle rond orientable<br data-start=\"151\" data-end=\"154\" \/><strong data-start=\"154\" data-end=\"167\">Couleur :<\/strong> Noir<br data-start=\"172\" data-end=\"175\" \/><strong data-start=\"175\" data-end=\"189\">Mat\u00e9riau :<\/strong> PVC haute r\u00e9sistance<br data-start=\"210\" data-end=\"213\" \/><strong data-start=\"213\" data-end=\"223\">Type :<\/strong> Orientable\u00a0<br data-start=\"257\" data-end=\"260\" \/><strong data-start=\"260\" data-end=\"271\">Forme :<\/strong> Ronde<\/p>\n","protected":false},"featured_media":1100,"comment_status":"open","ping_status":"closed","template":"","meta":{"site-sidebar-layout":"default","site-content-layout":"","ast-site-content-layout":"default","site-content-style":"default","site-sidebar-style":"default","ast-global-header-display":"","ast-banner-title-visibility":"","ast-main-header-display":"","ast-hfb-above-header-display":"","ast-hfb-below-header-display":"","ast-hfb-mobile-header-display":"","site-post-title":"","ast-breadcrumbs-content":"","ast-featured-img":"","footer-sml-layout":"","ast-disable-related-posts":"","theme-transparent-header-meta":"default","adv-header-id-meta":"","stick-header-meta":"","header-above-stick-meta":"","header-main-stick-meta":"","header-below-stick-meta":"","astra-migrate-meta-layouts":"set","ast-page-background-enabled":"default","ast-page-background-meta":{"desktop":{"background-color":"var(--ast-global-color-5)","background-image":"","background-repeat":"repeat","background-position":"center center","background-size":"auto","background-attachment":"scroll","background-type":"","background-media":"","overlay-type":"","overlay-color":"","overlay-opacity":"","overlay-gradient":""},"tablet":{"background-color":"","background-image":"","background-repeat":"repeat","background-position":"center center","background-size":"auto","background-attachment":"scroll","background-type":"","background-media":"","overlay-type":"","overlay-color":"","overlay-opacity":"","overlay-gradient":""},"mobile":{"background-color":"","background-image":"","background-repeat":"repeat","background-position":"center center","background-size":"auto","background-attachment":"scroll","background-type":"","background-media":"","overlay-type":"","overlay-color":"","overlay-opacity":"","overlay-gradient":""}},"ast-content-background-meta":{"desktop":{"background-color":"var(--ast-global-color-4)","background-image":"","background-repeat":"repeat","background-position":"center center","background-size":"auto","background-attachment":"scroll","background-type":"","background-media":"","overlay-type":"","overlay-color":"","overlay-opacity":"","overlay-gradient":""},"tablet":{"background-color":"var(--ast-global-color-4)","background-image":"","background-repeat":"repeat","background-position":"center center","background-size":"auto","background-attachment":"scroll","background-type":"","background-media":"","overlay-type":"","overlay-color":"","overlay-opacity":"","overlay-gradient":""},"mobile":{"background-color":"var(--ast-global-color-4)","background-image":"","background-repeat":"repeat","background-position":"center center","background-size":"auto","background-attachment":"scroll","background-type":"","background-media":"","overlay-type":"","overlay-color":"","overlay-opacity":"","overlay-gradient":""}}},"product_brand":[],"product_cat":[29],"product_tag":[76,72,73],"class_list":{"0":"post-1157","1":"product","2":"type-product","3":"status-publish","4":"has-post-thumbnail","6":"product_cat-socles-spots-mr16","7":"product_tag-bureau","8":"product_tag-chambre","9":"product_tag-salon","10":"desktop-align-left","11":"tablet-align-left","12":"mobile-align-center","14":"first","15":"instock","16":"taxable","17":"shipping-taxable","18":"purchasable","19":"product-type-simple"},"_links":{"self":[{"href":"https:\/\/dev.lumins.tn\/index.php?rest_route=\/wp\/v2\/product\/1157","targetHints":{"allow":["GET"]}}],"collection":[{"href":"https:\/\/dev.lumins.tn\/index.php?rest_route=\/wp\/v2\/product"}],"about":[{"href":"https:\/\/dev.lumins.tn\/index.php?rest_route=\/wp\/v2\/types\/product"}],"replies":[{"embeddable":true,"href":"https:\/\/dev.lumins.tn\/index.php?rest_route=%2Fwp%2Fv2%2Fcomments&post=1157"}],"version-history":[{"count":2,"href":"https:\/\/dev.lumins.tn\/index.php?rest_route=\/wp\/v2\/product\/1157\/revisions"}],"predecessor-version":[{"id":1159,"href":"https:\/\/dev.lumins.tn\/index.php?rest_route=\/wp\/v2\/product\/1157\/revisions\/1159"}],"wp:featuredmedia":[{"embeddable":true,"href":"https:\/\/dev.lumins.tn\/index.php?rest_route=\/wp\/v2\/media\/1100"}],"wp:attachment":[{"href":"https:\/\/dev.lumins.tn\/index.php?rest_route=%2Fwp%2Fv2%2Fmedia&parent=1157"}],"wp:term":[{"taxonomy":"product_brand","embeddable":true,"href":"https:\/\/dev.lumins.tn\/index.php?rest_route=%2Fwp%2Fv2%2Fproduct_brand&post=1157"},{"taxonomy":"product_cat","embeddable":true,"href":"https:\/\/dev.lumins.tn\/index.php?rest_route=%2Fwp%2Fv2%2Fproduct_cat&post=1157"},{"taxonomy":"product_tag","embeddable":true,"href":"https:\/\/dev.lumins.tn\/index.php?rest_route=%2Fwp%2Fv2%2Fproduct_tag&post=1157"}],"curies":[{"name":"wp","href":"https:\/\/api.w.org\/{rel}","templated":true}]}}