{"id":1136,"date":"2026-02-26T09:34:31","date_gmt":"2026-02-26T09:34:31","guid":{"rendered":"https:\/\/dev.lumins.tn\/?product=socle-mr16-fixe-pvc-carree-blanc"},"modified":"2026-02-26T09:50:59","modified_gmt":"2026-02-26T09:50:59","slug":"socle-mr16-fixe-pvc-carree-blanc","status":"publish","type":"product","link":"https:\/\/dev.lumins.tn\/?product=socle-mr16-fixe-pvc-carree-blanc","title":{"rendered":"SOCLE  FIXE PVC CARREE \/BLANC"},"content":{"rendered":"<p>Le <strong data-start=\"183\" data-end=\"252\">socle\u00a0 fixe en PVC de forme carr\u00e9e, finition blanche discr\u00e8te<\/strong> est un support d\u2019installation con\u00e7u pour les lampes \u00e0 r\u00e9flecteur <strong data-start=\"318\" data-end=\"326\">MR16<\/strong> OU <strong data-start=\"334\" data-end=\"343\">GU10<\/strong>. Ce socle permet une fixation stable et propre de votre \u00e9clairage encastr\u00e9 ou apparent, id\u00e9al pour les projets r\u00e9sidentiels, ou d\u00e9coratifs.<\/p>\n","protected":false},"excerpt":{"rendered":"<p data-start=\"498\" data-end=\"535\"><strong data-start=\"501\" data-end=\"535\">Caract\u00e9ristiques principales :<\/strong><\/p>\n<ul data-start=\"536\" data-end=\"966\">\n<li data-start=\"536\" data-end=\"584\">\n<p data-start=\"538\" data-end=\"584\"><strong data-start=\"541\" data-end=\"560\">Type de socle :<\/strong> Fixe (non orientable)<\/p>\n<\/li>\n<li data-start=\"585\" data-end=\"649\">\n<p data-start=\"587\" data-end=\"649\"><strong data-start=\"590\" data-end=\"611\">Compatible avec :<\/strong> Ampoules <strong data-start=\"621\" data-end=\"629\">MR16<\/strong> OU <strong data-start=\"637\" data-end=\"646\">GU10<\/strong><\/p>\n<\/li>\n<li data-start=\"650\" data-end=\"695\">\n<p data-start=\"652\" data-end=\"695\"><strong data-start=\"656\" data-end=\"670\">Mat\u00e9riau :<\/strong> PVC robuste et durable<\/p>\n<\/li>\n<li data-start=\"696\" data-end=\"721\">\n<p data-start=\"698\" data-end=\"721\"><strong data-start=\"701\" data-end=\"712\">Forme :<\/strong> Carr\u00e9e<\/p>\n<\/li>\n<li data-start=\"722\" data-end=\"755\">\n<p data-start=\"724\" data-end=\"755\"><strong data-start=\"726\" data-end=\"739\">Couleur :<\/strong> Blanc discret<\/p>\n<\/li>\n<li data-start=\"876\" data-end=\"966\">\n<p data-start=\"878\" data-end=\"966\"><strong data-start=\"881\" data-end=\"893\">Usages :<\/strong> \u00c9clairage int\u00e9rieur, salles de s\u00e9jour, couloirs, vitrines, bureaux, etc.<\/p>\n<\/li>\n<\/ul>\n","protected":false},"featured_media":1083,"comment_status":"open","ping_status":"closed","template":"","meta":{"site-sidebar-layout":"default","site-content-layout":"","ast-site-content-layout":"default","site-content-style":"default","site-sidebar-style":"default","ast-global-header-display":"","ast-banner-title-visibility":"","ast-main-header-display":"","ast-hfb-above-header-display":"","ast-hfb-below-header-display":"","ast-hfb-mobile-header-display":"","site-post-title":"","ast-breadcrumbs-content":"","ast-featured-img":"","footer-sml-layout":"","ast-disable-related-posts":"","theme-transparent-header-meta":"default","adv-header-id-meta":"","stick-header-meta":"","header-above-stick-meta":"","header-main-stick-meta":"","header-below-stick-meta":"","astra-migrate-meta-layouts":"set","ast-page-background-enabled":"default","ast-page-background-meta":{"desktop":{"background-color":"var(--ast-global-color-5)","background-image":"","background-repeat":"repeat","background-position":"center center","background-size":"auto","background-attachment":"scroll","background-type":"","background-media":"","overlay-type":"","overlay-color":"","overlay-opacity":"","overlay-gradient":""},"tablet":{"background-color":"","background-image":"","background-repeat":"repeat","background-position":"center center","background-size":"auto","background-attachment":"scroll","background-type":"","background-media":"","overlay-type":"","overlay-color":"","overlay-opacity":"","overlay-gradient":""},"mobile":{"background-color":"","background-image":"","background-repeat":"repeat","background-position":"center center","background-size":"auto","background-attachment":"scroll","background-type":"","background-media":"","overlay-type":"","overlay-color":"","overlay-opacity":"","overlay-gradient":""}},"ast-content-background-meta":{"desktop":{"background-color":"var(--ast-global-color-4)","background-image":"","background-repeat":"repeat","background-position":"center center","background-size":"auto","background-attachment":"scroll","background-type":"","background-media":"","overlay-type":"","overlay-color":"","overlay-opacity":"","overlay-gradient":""},"tablet":{"background-color":"var(--ast-global-color-4)","background-image":"","background-repeat":"repeat","background-position":"center center","background-size":"auto","background-attachment":"scroll","background-type":"","background-media":"","overlay-type":"","overlay-color":"","overlay-opacity":"","overlay-gradient":""},"mobile":{"background-color":"var(--ast-global-color-4)","background-image":"","background-repeat":"repeat","background-position":"center center","background-size":"auto","background-attachment":"scroll","background-type":"","background-media":"","overlay-type":"","overlay-color":"","overlay-opacity":"","overlay-gradient":""}}},"product_brand":[],"product_cat":[29],"product_tag":[76,72,74,73],"class_list":{"0":"post-1136","1":"product","2":"type-product","3":"status-publish","4":"has-post-thumbnail","6":"product_cat-socles-spots-mr16","7":"product_tag-bureau","8":"product_tag-chambre","9":"product_tag-cuisine","10":"product_tag-salon","11":"desktop-align-left","12":"tablet-align-left","13":"mobile-align-center","15":"first","16":"instock","17":"taxable","18":"shipping-taxable","19":"purchasable","20":"product-type-simple"},"_links":{"self":[{"href":"https:\/\/dev.lumins.tn\/index.php?rest_route=\/wp\/v2\/product\/1136","targetHints":{"allow":["GET"]}}],"collection":[{"href":"https:\/\/dev.lumins.tn\/index.php?rest_route=\/wp\/v2\/product"}],"about":[{"href":"https:\/\/dev.lumins.tn\/index.php?rest_route=\/wp\/v2\/types\/product"}],"replies":[{"embeddable":true,"href":"https:\/\/dev.lumins.tn\/index.php?rest_route=%2Fwp%2Fv2%2Fcomments&post=1136"}],"version-history":[{"count":2,"href":"https:\/\/dev.lumins.tn\/index.php?rest_route=\/wp\/v2\/product\/1136\/revisions"}],"predecessor-version":[{"id":1142,"href":"https:\/\/dev.lumins.tn\/index.php?rest_route=\/wp\/v2\/product\/1136\/revisions\/1142"}],"wp:featuredmedia":[{"embeddable":true,"href":"https:\/\/dev.lumins.tn\/index.php?rest_route=\/wp\/v2\/media\/1083"}],"wp:attachment":[{"href":"https:\/\/dev.lumins.tn\/index.php?rest_route=%2Fwp%2Fv2%2Fmedia&parent=1136"}],"wp:term":[{"taxonomy":"product_brand","embeddable":true,"href":"https:\/\/dev.lumins.tn\/index.php?rest_route=%2Fwp%2Fv2%2Fproduct_brand&post=1136"},{"taxonomy":"product_cat","embeddable":true,"href":"https:\/\/dev.lumins.tn\/index.php?rest_route=%2Fwp%2Fv2%2Fproduct_cat&post=1136"},{"taxonomy":"product_tag","embeddable":true,"href":"https:\/\/dev.lumins.tn\/index.php?rest_route=%2Fwp%2Fv2%2Fproduct_tag&post=1136"}],"curies":[{"name":"wp","href":"https:\/\/api.w.org\/{rel}","templated":true}]}}