{"id":1073,"date":"2026-02-24T10:57:03","date_gmt":"2026-02-24T10:57:03","guid":{"rendered":"https:\/\/dev.lumins.tn\/?product=socle-etanche-rond-ou-carre-blanc-satine-noir"},"modified":"2026-02-26T11:30:43","modified_gmt":"2026-02-26T11:30:43","slug":"socle-etanche-rond-ou-carre-blanc-satine-noir","status":"publish","type":"product","link":"https:\/\/dev.lumins.tn\/?product=socle-etanche-rond-ou-carre-blanc-satine-noir","title":{"rendered":"SOCLE ETANCHE ROND OU CARRE BLANC\/ SATINE\/NOIR"},"content":{"rendered":"<p>Le <strong data-start=\"308\" data-end=\"337\">socle spot \u00e9tanche (IP65)<\/strong> est un luminaire encastrable con\u00e7u pour des zones o\u00f9 <strong data-start=\"411\" data-end=\"472\">la protection contre l\u2019eau et la poussi\u00e8re est n\u00e9cessaire<\/strong> \u2014 par exemple <strong data-start=\"487\" data-end=\"545\">salle de bains, cuisine, terrasse, balcon ou ext\u00e9rieur<\/strong>. Il accueille des <strong data-start=\"564\" data-end=\"588\">ampoules MR16 <\/strong>\u00a0ou <strong data-start=\"592\" data-end=\"608\">GU10 <\/strong>\u00a0selon mod\u00e8le, et est fabriqu\u00e9 en <strong data-start=\"643\" data-end=\"664\">aluminium robuste<\/strong> avec une finition \u00e9l\u00e9gante (blanc, satin\u00e9 ou noir).<\/p>\n","protected":false},"excerpt":{"rendered":"<p><strong data-start=\"1018\" data-end=\"1029\">Forme :<\/strong> Rond ou carr\u00e9<\/p>\n<ul data-start=\"1016\" data-end=\"1559\">\n<li data-start=\"1098\" data-end=\"1427\">\n<p data-start=\"1100\" data-end=\"1114\"><strong data-start=\"1100\" data-end=\"1112\">Couleur:<\/strong><\/p>\n<ul data-start=\"1117\" data-end=\"1427\">\n<li data-start=\"1117\" data-end=\"1215\">\n<p data-start=\"1119\" data-end=\"1215\"><strong data-start=\"1119\" data-end=\"1128\">Blanc<\/strong> \u2014 discret et facile \u00e0 assortir \u00e0 tout plafond.<\/p>\n<\/li>\n<li data-start=\"1218\" data-end=\"1298\">\n<p data-start=\"1220\" data-end=\"1298\"><strong data-start=\"1220\" data-end=\"1228\">Noir<\/strong> \u2014 style moderne et contrast\u00e9.<\/p>\n<\/li>\n<li data-start=\"1301\" data-end=\"1427\">\n<p data-start=\"1303\" data-end=\"1427\"><strong data-start=\"1303\" data-end=\"1329\">Satin\u00e9 <\/strong>\u00a0\u2014 finition \u00e9l\u00e9gante m\u00e9tallique (parfois disponible).<\/p>\n<\/li>\n<\/ul>\n<\/li>\n<li data-start=\"1428\" data-end=\"1559\">\n<p data-start=\"1430\" data-end=\"1559\"><strong data-start=\"1430\" data-end=\"1444\">Mat\u00e9riau :<\/strong> Corps en <strong data-start=\"1454\" data-end=\"1467\">aluminium<\/strong> + joint \u00e9tanche avec diffuseur en verre ou plastique.<\/p>\n<\/li>\n<\/ul>\n<h3 data-start=\"1561\" data-end=\"1596\"><\/h3>\n","protected":false},"featured_media":1016,"comment_status":"open","ping_status":"closed","template":"","meta":{"site-sidebar-layout":"default","site-content-layout":"","ast-site-content-layout":"default","site-content-style":"default","site-sidebar-style":"default","ast-global-header-display":"","ast-banner-title-visibility":"","ast-main-header-display":"","ast-hfb-above-header-display":"","ast-hfb-below-header-display":"","ast-hfb-mobile-header-display":"","site-post-title":"","ast-breadcrumbs-content":"","ast-featured-img":"","footer-sml-layout":"","ast-disable-related-posts":"","theme-transparent-header-meta":"default","adv-header-id-meta":"","stick-header-meta":"","header-above-stick-meta":"","header-main-stick-meta":"","header-below-stick-meta":"","astra-migrate-meta-layouts":"set","ast-page-background-enabled":"default","ast-page-background-meta":{"desktop":{"background-color":"var(--ast-global-color-5)","background-image":"","background-repeat":"repeat","background-position":"center center","background-size":"auto","background-attachment":"scroll","background-type":"","background-media":"","overlay-type":"","overlay-color":"","overlay-opacity":"","overlay-gradient":""},"tablet":{"background-color":"","background-image":"","background-repeat":"repeat","background-position":"center center","background-size":"auto","background-attachment":"scroll","background-type":"","background-media":"","overlay-type":"","overlay-color":"","overlay-opacity":"","overlay-gradient":""},"mobile":{"background-color":"","background-image":"","background-repeat":"repeat","background-position":"center center","background-size":"auto","background-attachment":"scroll","background-type":"","background-media":"","overlay-type":"","overlay-color":"","overlay-opacity":"","overlay-gradient":""}},"ast-content-background-meta":{"desktop":{"background-color":"var(--ast-global-color-4)","background-image":"","background-repeat":"repeat","background-position":"center center","background-size":"auto","background-attachment":"scroll","background-type":"","background-media":"","overlay-type":"","overlay-color":"","overlay-opacity":"","overlay-gradient":""},"tablet":{"background-color":"var(--ast-global-color-4)","background-image":"","background-repeat":"repeat","background-position":"center center","background-size":"auto","background-attachment":"scroll","background-type":"","background-media":"","overlay-type":"","overlay-color":"","overlay-opacity":"","overlay-gradient":""},"mobile":{"background-color":"var(--ast-global-color-4)","background-image":"","background-repeat":"repeat","background-position":"center center","background-size":"auto","background-attachment":"scroll","background-type":"","background-media":"","overlay-type":"","overlay-color":"","overlay-opacity":"","overlay-gradient":""}}},"product_brand":[],"product_cat":[29],"product_tag":[78,74,77],"class_list":{"0":"post-1073","1":"product","2":"type-product","3":"status-publish","4":"has-post-thumbnail","6":"product_cat-socles-spots-mr16","7":"product_tag-balcon","8":"product_tag-cuisine","9":"product_tag-salle-de-bain","10":"desktop-align-left","11":"tablet-align-left","12":"mobile-align-center","14":"first","15":"instock","16":"taxable","17":"shipping-taxable","18":"purchasable","19":"product-type-simple"},"_links":{"self":[{"href":"https:\/\/dev.lumins.tn\/index.php?rest_route=\/wp\/v2\/product\/1073","targetHints":{"allow":["GET"]}}],"collection":[{"href":"https:\/\/dev.lumins.tn\/index.php?rest_route=\/wp\/v2\/product"}],"about":[{"href":"https:\/\/dev.lumins.tn\/index.php?rest_route=\/wp\/v2\/types\/product"}],"replies":[{"embeddable":true,"href":"https:\/\/dev.lumins.tn\/index.php?rest_route=%2Fwp%2Fv2%2Fcomments&post=1073"}],"version-history":[{"count":2,"href":"https:\/\/dev.lumins.tn\/index.php?rest_route=\/wp\/v2\/product\/1073\/revisions"}],"predecessor-version":[{"id":1075,"href":"https:\/\/dev.lumins.tn\/index.php?rest_route=\/wp\/v2\/product\/1073\/revisions\/1075"}],"wp:featuredmedia":[{"embeddable":true,"href":"https:\/\/dev.lumins.tn\/index.php?rest_route=\/wp\/v2\/media\/1016"}],"wp:attachment":[{"href":"https:\/\/dev.lumins.tn\/index.php?rest_route=%2Fwp%2Fv2%2Fmedia&parent=1073"}],"wp:term":[{"taxonomy":"product_brand","embeddable":true,"href":"https:\/\/dev.lumins.tn\/index.php?rest_route=%2Fwp%2Fv2%2Fproduct_brand&post=1073"},{"taxonomy":"product_cat","embeddable":true,"href":"https:\/\/dev.lumins.tn\/index.php?rest_route=%2Fwp%2Fv2%2Fproduct_cat&post=1073"},{"taxonomy":"product_tag","embeddable":true,"href":"https:\/\/dev.lumins.tn\/index.php?rest_route=%2Fwp%2Fv2%2Fproduct_tag&post=1073"}],"curies":[{"name":"wp","href":"https:\/\/api.w.org\/{rel}","templated":true}]}}