{"id":1069,"date":"2026-02-24T10:51:53","date_gmt":"2026-02-24T10:51:53","guid":{"rendered":"https:\/\/dev.lumins.tn\/?product=socle-rond-blanc-orientable-aluminuim"},"modified":"2026-02-24T10:54:16","modified_gmt":"2026-02-24T10:54:16","slug":"socle-rond-blanc-orientable-aluminuim","status":"publish","type":"product","link":"https:\/\/dev.lumins.tn\/?product=socle-rond-blanc-orientable-aluminuim","title":{"rendered":"SOCLE ROND BLANC ORIENTABLE ALUMINUIM"},"content":{"rendered":"<p data-start=\"244\" data-end=\"535\">Le <strong data-start=\"247\" data-end=\"296\">socle spot rond blanc orientable en aluminium<\/strong> est un <strong data-start=\"304\" data-end=\"353\">support d\u2019\u00e9clairage encastrable <\/strong>\u00a0con\u00e7u pour installer une <strong data-start=\"379\" data-end=\"418\">ampoule spot MR16 ou GU10<\/strong>\u00a0dans un plafond. Gr\u00e2ce \u00e0 sa <strong data-start=\"447\" data-end=\"466\">t\u00eate orientable<\/strong>, il permet de diriger la lumi\u00e8re pr\u00e9cis\u00e9ment vers la zone souhait\u00e9e.<\/p>\n<p data-start=\"537\" data-end=\"670\">Ce type de support est id\u00e9al pour les espaces modernes comme salons, couloirs, cuisines, bureaux ou zones d\u2019\u00e9clairage d\u2019accentuation.<\/p>\n","protected":false},"excerpt":{"rendered":"<ul>\n<li data-start=\"747\" data-end=\"768\">\n<p data-start=\"749\" data-end=\"768\"><strong data-start=\"749\" data-end=\"760\">Forme :<\/strong> Ronde<\/p>\n<\/li>\n<li data-start=\"769\" data-end=\"792\">\n<p data-start=\"771\" data-end=\"792\"><strong data-start=\"771\" data-end=\"784\">Couleur :<\/strong> Blanc<\/p>\n<\/li>\n<li data-start=\"793\" data-end=\"888\">\n<p data-start=\"795\" data-end=\"888\"><strong data-start=\"795\" data-end=\"809\">Mat\u00e9riau :<\/strong> Aluminium<\/p>\n<\/li>\n<li data-start=\"793\" data-end=\"888\">\n<p data-start=\"795\" data-end=\"888\"><strong style=\"font-size: 16px;\" data-start=\"891\" data-end=\"902\">Style :<\/strong><span style=\"font-size: 16px;\"> Moderne et discret, s\u2019int\u00e8gre facilement dans diff\u00e9rents d\u00e9cors int\u00e9rieurs<\/span><\/p>\n<\/li>\n<\/ul>\n","protected":false},"featured_media":1013,"comment_status":"open","ping_status":"closed","template":"","meta":{"site-sidebar-layout":"default","site-content-layout":"","ast-site-content-layout":"default","site-content-style":"default","site-sidebar-style":"default","ast-global-header-display":"","ast-banner-title-visibility":"","ast-main-header-display":"","ast-hfb-above-header-display":"","ast-hfb-below-header-display":"","ast-hfb-mobile-header-display":"","site-post-title":"","ast-breadcrumbs-content":"","ast-featured-img":"","footer-sml-layout":"","ast-disable-related-posts":"","theme-transparent-header-meta":"default","adv-header-id-meta":"","stick-header-meta":"","header-above-stick-meta":"","header-main-stick-meta":"","header-below-stick-meta":"","astra-migrate-meta-layouts":"set","ast-page-background-enabled":"default","ast-page-background-meta":{"desktop":{"background-color":"var(--ast-global-color-5)","background-image":"","background-repeat":"repeat","background-position":"center center","background-size":"auto","background-attachment":"scroll","background-type":"","background-media":"","overlay-type":"","overlay-color":"","overlay-opacity":"","overlay-gradient":""},"tablet":{"background-color":"","background-image":"","background-repeat":"repeat","background-position":"center center","background-size":"auto","background-attachment":"scroll","background-type":"","background-media":"","overlay-type":"","overlay-color":"","overlay-opacity":"","overlay-gradient":""},"mobile":{"background-color":"","background-image":"","background-repeat":"repeat","background-position":"center center","background-size":"auto","background-attachment":"scroll","background-type":"","background-media":"","overlay-type":"","overlay-color":"","overlay-opacity":"","overlay-gradient":""}},"ast-content-background-meta":{"desktop":{"background-color":"var(--ast-global-color-4)","background-image":"","background-repeat":"repeat","background-position":"center center","background-size":"auto","background-attachment":"scroll","background-type":"","background-media":"","overlay-type":"","overlay-color":"","overlay-opacity":"","overlay-gradient":""},"tablet":{"background-color":"var(--ast-global-color-4)","background-image":"","background-repeat":"repeat","background-position":"center center","background-size":"auto","background-attachment":"scroll","background-type":"","background-media":"","overlay-type":"","overlay-color":"","overlay-opacity":"","overlay-gradient":""},"mobile":{"background-color":"var(--ast-global-color-4)","background-image":"","background-repeat":"repeat","background-position":"center center","background-size":"auto","background-attachment":"scroll","background-type":"","background-media":"","overlay-type":"","overlay-color":"","overlay-opacity":"","overlay-gradient":""}}},"product_brand":[],"product_cat":[29],"product_tag":[76,72,74,73],"class_list":{"0":"post-1069","1":"product","2":"type-product","3":"status-publish","4":"has-post-thumbnail","6":"product_cat-socles-spots-mr16","7":"product_tag-bureau","8":"product_tag-chambre","9":"product_tag-cuisine","10":"product_tag-salon","11":"desktop-align-left","12":"tablet-align-left","13":"mobile-align-center","15":"first","16":"instock","17":"taxable","18":"shipping-taxable","19":"purchasable","20":"product-type-simple"},"_links":{"self":[{"href":"https:\/\/dev.lumins.tn\/index.php?rest_route=\/wp\/v2\/product\/1069","targetHints":{"allow":["GET"]}}],"collection":[{"href":"https:\/\/dev.lumins.tn\/index.php?rest_route=\/wp\/v2\/product"}],"about":[{"href":"https:\/\/dev.lumins.tn\/index.php?rest_route=\/wp\/v2\/types\/product"}],"replies":[{"embeddable":true,"href":"https:\/\/dev.lumins.tn\/index.php?rest_route=%2Fwp%2Fv2%2Fcomments&post=1069"}],"version-history":[{"count":2,"href":"https:\/\/dev.lumins.tn\/index.php?rest_route=\/wp\/v2\/product\/1069\/revisions"}],"predecessor-version":[{"id":1071,"href":"https:\/\/dev.lumins.tn\/index.php?rest_route=\/wp\/v2\/product\/1069\/revisions\/1071"}],"wp:featuredmedia":[{"embeddable":true,"href":"https:\/\/dev.lumins.tn\/index.php?rest_route=\/wp\/v2\/media\/1013"}],"wp:attachment":[{"href":"https:\/\/dev.lumins.tn\/index.php?rest_route=%2Fwp%2Fv2%2Fmedia&parent=1069"}],"wp:term":[{"taxonomy":"product_brand","embeddable":true,"href":"https:\/\/dev.lumins.tn\/index.php?rest_route=%2Fwp%2Fv2%2Fproduct_brand&post=1069"},{"taxonomy":"product_cat","embeddable":true,"href":"https:\/\/dev.lumins.tn\/index.php?rest_route=%2Fwp%2Fv2%2Fproduct_cat&post=1069"},{"taxonomy":"product_tag","embeddable":true,"href":"https:\/\/dev.lumins.tn\/index.php?rest_route=%2Fwp%2Fv2%2Fproduct_tag&post=1069"}],"curies":[{"name":"wp","href":"https:\/\/api.w.org\/{rel}","templated":true}]}}