{"id":1065,"date":"2026-02-24T10:45:57","date_gmt":"2026-02-24T10:45:57","guid":{"rendered":"https:\/\/dev.lumins.tn\/?product=socle-mr16-orientable-triple-carre-noir-blanc-metallique"},"modified":"2026-02-24T10:51:01","modified_gmt":"2026-02-24T10:51:01","slug":"socle-mr16-orientable-triple-carre-noir-blanc-metallique","status":"publish","type":"product","link":"https:\/\/dev.lumins.tn\/?product=socle-mr16-orientable-triple-carre-noir-blanc-metallique","title":{"rendered":"SOCLE ORIENTABLE TRIPLE CARRE NOIR\/BLANC METALLIQUE"},"content":{"rendered":"<p data-start=\"271\" data-end=\"586\">Le <strong data-start=\"274\" data-end=\"312\">socle triple orientable\u00a0 carr\u00e9<\/strong> est un <strong data-start=\"320\" data-end=\"354\">support de spots multi-sources<\/strong> con\u00e7u pour installer <strong data-start=\"376\" data-end=\"407\">trois ampoules de type MR16 <\/strong>ou GU10 dans un plafond. Il est <strong data-start=\"455\" data-end=\"469\">orientable<\/strong>, ce qui permet de diriger chaque source lumineuse l\u00e0 o\u00f9 tu le souhaites, pour un \u00e9clairage plus pr\u00e9cis et modulable.<\/p>\n<p data-start=\"588\" data-end=\"875\">Ce type de support est particuli\u00e8rement adapt\u00e9 aux int\u00e9rieurs modernes (salon, salle \u00e0 manger, couloir, boutique, galerie, bureau\u2026) o\u00f9 l\u2019on veut \u00e0 la fois un design esth\u00e9tique <strong data-start=\"764\" data-end=\"788\">carr\u00e9 et minimaliste<\/strong> et une <strong data-start=\"796\" data-end=\"836\">fonction d\u2019\u00e9clairage personnalisable<\/strong>.<\/p>\n","protected":false},"excerpt":{"rendered":"<ul>\n<li data-start=\"913\" data-end=\"1023\">\n<p data-start=\"915\" data-end=\"1023\"><strong data-start=\"915\" data-end=\"926\">Forme :<\/strong> Carr\u00e9 regroupant trois points lumineux.<\/p>\n<\/li>\n<li data-start=\"1024\" data-end=\"1236\">\n<p data-start=\"1026\" data-end=\"1054\"><strong data-start=\"1026\" data-end=\"1052\">Couleurs disponibles :<\/strong><\/p>\n<ul data-start=\"1057\" data-end=\"1236\">\n<li data-start=\"1057\" data-end=\"1139\">\n<p data-start=\"1059\" data-end=\"1139\"><strong data-start=\"1059\" data-end=\"1073\">Noir m\u00e9tal<\/strong> \u2192 look moderne et design.<\/p>\n<\/li>\n<li data-start=\"1142\" data-end=\"1236\">\n<p data-start=\"1144\" data-end=\"1236\"><strong data-start=\"1144\" data-end=\"1159\">Blanc m\u00e9tal<\/strong> \u2192 int\u00e9gration discr\u00e8te et lumineuse.<\/p>\n<\/li>\n<\/ul>\n<\/li>\n<li data-start=\"1237\" data-end=\"1350\">\n<p data-start=\"1239\" data-end=\"1350\"><strong data-start=\"1239\" data-end=\"1253\">Finition :<\/strong> M\u00e9tallique pour durabilit\u00e9 et \u00e9l\u00e9gance.<\/p>\n<\/li>\n<\/ul>\n","protected":false},"featured_media":1025,"comment_status":"open","ping_status":"closed","template":"","meta":{"site-sidebar-layout":"default","site-content-layout":"","ast-site-content-layout":"default","site-content-style":"default","site-sidebar-style":"default","ast-global-header-display":"","ast-banner-title-visibility":"","ast-main-header-display":"","ast-hfb-above-header-display":"","ast-hfb-below-header-display":"","ast-hfb-mobile-header-display":"","site-post-title":"","ast-breadcrumbs-content":"","ast-featured-img":"","footer-sml-layout":"","ast-disable-related-posts":"","theme-transparent-header-meta":"default","adv-header-id-meta":"","stick-header-meta":"","header-above-stick-meta":"","header-main-stick-meta":"","header-below-stick-meta":"","astra-migrate-meta-layouts":"set","ast-page-background-enabled":"default","ast-page-background-meta":{"desktop":{"background-color":"var(--ast-global-color-5)","background-image":"","background-repeat":"repeat","background-position":"center center","background-size":"auto","background-attachment":"scroll","background-type":"","background-media":"","overlay-type":"","overlay-color":"","overlay-opacity":"","overlay-gradient":""},"tablet":{"background-color":"","background-image":"","background-repeat":"repeat","background-position":"center center","background-size":"auto","background-attachment":"scroll","background-type":"","background-media":"","overlay-type":"","overlay-color":"","overlay-opacity":"","overlay-gradient":""},"mobile":{"background-color":"","background-image":"","background-repeat":"repeat","background-position":"center center","background-size":"auto","background-attachment":"scroll","background-type":"","background-media":"","overlay-type":"","overlay-color":"","overlay-opacity":"","overlay-gradient":""}},"ast-content-background-meta":{"desktop":{"background-color":"var(--ast-global-color-4)","background-image":"","background-repeat":"repeat","background-position":"center center","background-size":"auto","background-attachment":"scroll","background-type":"","background-media":"","overlay-type":"","overlay-color":"","overlay-opacity":"","overlay-gradient":""},"tablet":{"background-color":"var(--ast-global-color-4)","background-image":"","background-repeat":"repeat","background-position":"center center","background-size":"auto","background-attachment":"scroll","background-type":"","background-media":"","overlay-type":"","overlay-color":"","overlay-opacity":"","overlay-gradient":""},"mobile":{"background-color":"var(--ast-global-color-4)","background-image":"","background-repeat":"repeat","background-position":"center center","background-size":"auto","background-attachment":"scroll","background-type":"","background-media":"","overlay-type":"","overlay-color":"","overlay-opacity":"","overlay-gradient":""}}},"product_brand":[],"product_cat":[29],"product_tag":[76,72,74,73],"class_list":{"0":"post-1065","1":"product","2":"type-product","3":"status-publish","4":"has-post-thumbnail","6":"product_cat-socles-spots-mr16","7":"product_tag-bureau","8":"product_tag-chambre","9":"product_tag-cuisine","10":"product_tag-salon","11":"desktop-align-left","12":"tablet-align-left","13":"mobile-align-center","15":"first","16":"instock","17":"taxable","18":"shipping-taxable","19":"purchasable","20":"product-type-simple"},"_links":{"self":[{"href":"https:\/\/dev.lumins.tn\/index.php?rest_route=\/wp\/v2\/product\/1065","targetHints":{"allow":["GET"]}}],"collection":[{"href":"https:\/\/dev.lumins.tn\/index.php?rest_route=\/wp\/v2\/product"}],"about":[{"href":"https:\/\/dev.lumins.tn\/index.php?rest_route=\/wp\/v2\/types\/product"}],"replies":[{"embeddable":true,"href":"https:\/\/dev.lumins.tn\/index.php?rest_route=%2Fwp%2Fv2%2Fcomments&post=1065"}],"version-history":[{"count":2,"href":"https:\/\/dev.lumins.tn\/index.php?rest_route=\/wp\/v2\/product\/1065\/revisions"}],"predecessor-version":[{"id":1067,"href":"https:\/\/dev.lumins.tn\/index.php?rest_route=\/wp\/v2\/product\/1065\/revisions\/1067"}],"wp:featuredmedia":[{"embeddable":true,"href":"https:\/\/dev.lumins.tn\/index.php?rest_route=\/wp\/v2\/media\/1025"}],"wp:attachment":[{"href":"https:\/\/dev.lumins.tn\/index.php?rest_route=%2Fwp%2Fv2%2Fmedia&parent=1065"}],"wp:term":[{"taxonomy":"product_brand","embeddable":true,"href":"https:\/\/dev.lumins.tn\/index.php?rest_route=%2Fwp%2Fv2%2Fproduct_brand&post=1065"},{"taxonomy":"product_cat","embeddable":true,"href":"https:\/\/dev.lumins.tn\/index.php?rest_route=%2Fwp%2Fv2%2Fproduct_cat&post=1065"},{"taxonomy":"product_tag","embeddable":true,"href":"https:\/\/dev.lumins.tn\/index.php?rest_route=%2Fwp%2Fv2%2Fproduct_tag&post=1065"}],"curies":[{"name":"wp","href":"https:\/\/api.w.org\/{rel}","templated":true}]}}