{"id":1061,"date":"2026-02-24T10:40:46","date_gmt":"2026-02-24T10:40:46","guid":{"rendered":"https:\/\/dev.lumins.tn\/?product=socle-triple-noir-orientable-alluminum"},"modified":"2026-02-24T10:44:38","modified_gmt":"2026-02-24T10:44:38","slug":"socle-triple-noir-orientable-alluminum","status":"publish","type":"product","link":"https:\/\/dev.lumins.tn\/?product=socle-triple-noir-orientable-alluminum","title":{"rendered":"SOCLE TRIPLE NOIR ORIENTABLE ALLUMINUM"},"content":{"rendered":"<p>Le <strong data-start=\"267\" data-end=\"312\">socle triple noir orientable en aluminium<\/strong> est un <strong data-start=\"320\" data-end=\"352\">support d\u2019\u00e9clairage multiple<\/strong> con\u00e7u pour recevoir <strong data-start=\"373\" data-end=\"419\">trois ampoules (g\u00e9n\u00e9ralement MR16 ou GU10)<\/strong>. Sa structure en aluminium lui conf\u00e8re l\u00e9g\u00e8ret\u00e9, r\u00e9sistance et une excellente dissipation thermique, tandis que son design <strong data-start=\"543\" data-end=\"573\">noir \u00e9l\u00e9gant et orientable<\/strong> permet de diriger chaque faisceau lumineux selon les besoins d\u2019\u00e9clairage.<\/p>\n","protected":false},"excerpt":{"rendered":"<p>Caract\u00e9ristiques principales<\/p>\n<ul>\n<li data-start=\"724\" data-end=\"805\">\n<p data-start=\"726\" data-end=\"805\"><strong data-start=\"726\" data-end=\"737\">Forme :<\/strong> Rectangulaire\u00a0 avec trois t\u00eates de spots individuelles<\/p>\n<\/li>\n<li data-start=\"806\" data-end=\"852\">\n<p data-start=\"808\" data-end=\"852\"><strong data-start=\"808\" data-end=\"821\">Couleur :<\/strong> Noir<\/p>\n<\/li>\n<li data-start=\"853\" data-end=\"906\">\n<p data-start=\"855\" data-end=\"906\"><strong data-start=\"855\" data-end=\"869\">Finition :<\/strong> Aluminium<\/p>\n<\/li>\n<li data-start=\"907\" data-end=\"952\">\n<p data-start=\"909\" data-end=\"952\"><strong data-start=\"909\" data-end=\"920\">Style :<\/strong> Moderne, minimaliste, d\u00e9coratif<\/p>\n<\/li>\n<\/ul>\n","protected":false},"featured_media":1008,"comment_status":"open","ping_status":"closed","template":"","meta":{"site-sidebar-layout":"default","site-content-layout":"","ast-site-content-layout":"default","site-content-style":"default","site-sidebar-style":"default","ast-global-header-display":"","ast-banner-title-visibility":"","ast-main-header-display":"","ast-hfb-above-header-display":"","ast-hfb-below-header-display":"","ast-hfb-mobile-header-display":"","site-post-title":"","ast-breadcrumbs-content":"","ast-featured-img":"","footer-sml-layout":"","ast-disable-related-posts":"","theme-transparent-header-meta":"default","adv-header-id-meta":"","stick-header-meta":"","header-above-stick-meta":"","header-main-stick-meta":"","header-below-stick-meta":"","astra-migrate-meta-layouts":"set","ast-page-background-enabled":"default","ast-page-background-meta":{"desktop":{"background-color":"var(--ast-global-color-5)","background-image":"","background-repeat":"repeat","background-position":"center center","background-size":"auto","background-attachment":"scroll","background-type":"","background-media":"","overlay-type":"","overlay-color":"","overlay-opacity":"","overlay-gradient":""},"tablet":{"background-color":"","background-image":"","background-repeat":"repeat","background-position":"center center","background-size":"auto","background-attachment":"scroll","background-type":"","background-media":"","overlay-type":"","overlay-color":"","overlay-opacity":"","overlay-gradient":""},"mobile":{"background-color":"","background-image":"","background-repeat":"repeat","background-position":"center center","background-size":"auto","background-attachment":"scroll","background-type":"","background-media":"","overlay-type":"","overlay-color":"","overlay-opacity":"","overlay-gradient":""}},"ast-content-background-meta":{"desktop":{"background-color":"var(--ast-global-color-4)","background-image":"","background-repeat":"repeat","background-position":"center center","background-size":"auto","background-attachment":"scroll","background-type":"","background-media":"","overlay-type":"","overlay-color":"","overlay-opacity":"","overlay-gradient":""},"tablet":{"background-color":"var(--ast-global-color-4)","background-image":"","background-repeat":"repeat","background-position":"center center","background-size":"auto","background-attachment":"scroll","background-type":"","background-media":"","overlay-type":"","overlay-color":"","overlay-opacity":"","overlay-gradient":""},"mobile":{"background-color":"var(--ast-global-color-4)","background-image":"","background-repeat":"repeat","background-position":"center center","background-size":"auto","background-attachment":"scroll","background-type":"","background-media":"","overlay-type":"","overlay-color":"","overlay-opacity":"","overlay-gradient":""}}},"product_brand":[],"product_cat":[29],"product_tag":[76,72,74,73],"class_list":{"0":"post-1061","1":"product","2":"type-product","3":"status-publish","4":"has-post-thumbnail","6":"product_cat-socles-spots-mr16","7":"product_tag-bureau","8":"product_tag-chambre","9":"product_tag-cuisine","10":"product_tag-salon","11":"desktop-align-left","12":"tablet-align-left","13":"mobile-align-center","15":"first","16":"instock","17":"taxable","18":"shipping-taxable","19":"purchasable","20":"product-type-simple"},"_links":{"self":[{"href":"https:\/\/dev.lumins.tn\/index.php?rest_route=\/wp\/v2\/product\/1061","targetHints":{"allow":["GET"]}}],"collection":[{"href":"https:\/\/dev.lumins.tn\/index.php?rest_route=\/wp\/v2\/product"}],"about":[{"href":"https:\/\/dev.lumins.tn\/index.php?rest_route=\/wp\/v2\/types\/product"}],"replies":[{"embeddable":true,"href":"https:\/\/dev.lumins.tn\/index.php?rest_route=%2Fwp%2Fv2%2Fcomments&post=1061"}],"version-history":[{"count":2,"href":"https:\/\/dev.lumins.tn\/index.php?rest_route=\/wp\/v2\/product\/1061\/revisions"}],"predecessor-version":[{"id":1063,"href":"https:\/\/dev.lumins.tn\/index.php?rest_route=\/wp\/v2\/product\/1061\/revisions\/1063"}],"wp:featuredmedia":[{"embeddable":true,"href":"https:\/\/dev.lumins.tn\/index.php?rest_route=\/wp\/v2\/media\/1008"}],"wp:attachment":[{"href":"https:\/\/dev.lumins.tn\/index.php?rest_route=%2Fwp%2Fv2%2Fmedia&parent=1061"}],"wp:term":[{"taxonomy":"product_brand","embeddable":true,"href":"https:\/\/dev.lumins.tn\/index.php?rest_route=%2Fwp%2Fv2%2Fproduct_brand&post=1061"},{"taxonomy":"product_cat","embeddable":true,"href":"https:\/\/dev.lumins.tn\/index.php?rest_route=%2Fwp%2Fv2%2Fproduct_cat&post=1061"},{"taxonomy":"product_tag","embeddable":true,"href":"https:\/\/dev.lumins.tn\/index.php?rest_route=%2Fwp%2Fv2%2Fproduct_tag&post=1061"}],"curies":[{"name":"wp","href":"https:\/\/api.w.org\/{rel}","templated":true}]}}