{"id":1049,"date":"2026-02-24T10:10:13","date_gmt":"2026-02-24T10:10:13","guid":{"rendered":"https:\/\/dev.lumins.tn\/?product=socle-mr16-carree-fixe-alluminum-blanc"},"modified":"2026-02-24T10:38:37","modified_gmt":"2026-02-24T10:38:37","slug":"socle-mr16-carree-fixe-alluminum-blanc","status":"publish","type":"product","link":"https:\/\/dev.lumins.tn\/?product=socle-mr16-carree-fixe-alluminum-blanc","title":{"rendered":"SOCLE CARREE FIXE ALLUMINUM BLANC"},"content":{"rendered":"<p>Le <strong data-start=\"210\" data-end=\"259\">socle spot MR16 carr\u00e9 fixe en aluminium blanc<\/strong> est un <strong data-start=\"267\" data-end=\"302\">support d\u2019\u00e9clairage encastrable<\/strong> con\u00e7u pour accueillir une <strong data-start=\"329\" data-end=\"345\">ampoule MR16<\/strong>\u00a0 tension 12 V avec\u00a0 ou version GU10 . Il s\u2019utilise principalement pour l\u2019\u00e9clairage int\u00e9rieur d\u00e9coratif ou fonctionnel.<\/p>\n","protected":false},"excerpt":{"rendered":"<h3 data-start=\"518\" data-end=\"557\"><strong data-start=\"525\" data-end=\"557\">Caract\u00e9ristiques principales<\/strong><\/h3>\n<p data-start=\"559\" data-end=\"761\"><strong data-start=\"559\" data-end=\"573\">\ud83d\udd39 Forme :<\/strong> Carr\u00e9e<br data-start=\"580\" data-end=\"583\" \/><strong data-start=\"583\" data-end=\"603\">\ud83d\udd39 Orientation :<\/strong> Fixe (non orientable)<br data-start=\"625\" data-end=\"628\" \/><strong data-start=\"628\" data-end=\"645\">\ud83d\udd39 Mat\u00e9riau :<\/strong> Aluminium\u00a0<br data-start=\"687\" data-end=\"690\" \/><strong data-start=\"690\" data-end=\"706\">\ud83d\udd39 Couleur :<\/strong> Blanc\u00a0<br data-start=\"733\" data-end=\"736\" \/><strong data-start=\"736\" data-end=\"759\">\ud83d\udd39 Type d\u2019ampoule :<\/strong><\/p>\n<ul data-start=\"762\" data-end=\"1305\">\n<li data-start=\"762\" data-end=\"828\">\n<p data-start=\"764\" data-end=\"828\">Compatible avec ampoule <strong data-start=\"788\" data-end=\"796\">MR16<\/strong><\/p>\n<\/li>\n<li data-start=\"829\" data-end=\"1001\">\n<p data-start=\"831\" data-end=\"1001\">Peut aussi \u00eatre compatible <strong data-start=\"858\" data-end=\"866\">GU10<\/strong><br data-start=\"890\" data-end=\"893\" \/><strong data-start=\"893\" data-end=\"914\">\ud83d\udd39 Installation :<\/strong> Encastrement dans plafond (placo, faux plafond, bois)<\/p>\n<\/li>\n<\/ul>\n","protected":false},"featured_media":1039,"comment_status":"open","ping_status":"closed","template":"","meta":{"site-sidebar-layout":"default","site-content-layout":"","ast-site-content-layout":"default","site-content-style":"default","site-sidebar-style":"default","ast-global-header-display":"","ast-banner-title-visibility":"","ast-main-header-display":"","ast-hfb-above-header-display":"","ast-hfb-below-header-display":"","ast-hfb-mobile-header-display":"","site-post-title":"","ast-breadcrumbs-content":"","ast-featured-img":"","footer-sml-layout":"","ast-disable-related-posts":"","theme-transparent-header-meta":"default","adv-header-id-meta":"","stick-header-meta":"","header-above-stick-meta":"","header-main-stick-meta":"","header-below-stick-meta":"","astra-migrate-meta-layouts":"set","ast-page-background-enabled":"default","ast-page-background-meta":{"desktop":{"background-color":"var(--ast-global-color-5)","background-image":"","background-repeat":"repeat","background-position":"center center","background-size":"auto","background-attachment":"scroll","background-type":"","background-media":"","overlay-type":"","overlay-color":"","overlay-opacity":"","overlay-gradient":""},"tablet":{"background-color":"","background-image":"","background-repeat":"repeat","background-position":"center center","background-size":"auto","background-attachment":"scroll","background-type":"","background-media":"","overlay-type":"","overlay-color":"","overlay-opacity":"","overlay-gradient":""},"mobile":{"background-color":"","background-image":"","background-repeat":"repeat","background-position":"center center","background-size":"auto","background-attachment":"scroll","background-type":"","background-media":"","overlay-type":"","overlay-color":"","overlay-opacity":"","overlay-gradient":""}},"ast-content-background-meta":{"desktop":{"background-color":"var(--ast-global-color-4)","background-image":"","background-repeat":"repeat","background-position":"center center","background-size":"auto","background-attachment":"scroll","background-type":"","background-media":"","overlay-type":"","overlay-color":"","overlay-opacity":"","overlay-gradient":""},"tablet":{"background-color":"var(--ast-global-color-4)","background-image":"","background-repeat":"repeat","background-position":"center center","background-size":"auto","background-attachment":"scroll","background-type":"","background-media":"","overlay-type":"","overlay-color":"","overlay-opacity":"","overlay-gradient":""},"mobile":{"background-color":"var(--ast-global-color-4)","background-image":"","background-repeat":"repeat","background-position":"center center","background-size":"auto","background-attachment":"scroll","background-type":"","background-media":"","overlay-type":"","overlay-color":"","overlay-opacity":"","overlay-gradient":""}}},"product_brand":[],"product_cat":[29],"product_tag":[76,72,74,73],"class_list":{"0":"post-1049","1":"product","2":"type-product","3":"status-publish","4":"has-post-thumbnail","6":"product_cat-socles-spots-mr16","7":"product_tag-bureau","8":"product_tag-chambre","9":"product_tag-cuisine","10":"product_tag-salon","11":"desktop-align-left","12":"tablet-align-left","13":"mobile-align-center","15":"first","16":"instock","17":"taxable","18":"shipping-taxable","19":"purchasable","20":"product-type-simple"},"_links":{"self":[{"href":"https:\/\/dev.lumins.tn\/index.php?rest_route=\/wp\/v2\/product\/1049","targetHints":{"allow":["GET"]}}],"collection":[{"href":"https:\/\/dev.lumins.tn\/index.php?rest_route=\/wp\/v2\/product"}],"about":[{"href":"https:\/\/dev.lumins.tn\/index.php?rest_route=\/wp\/v2\/types\/product"}],"replies":[{"embeddable":true,"href":"https:\/\/dev.lumins.tn\/index.php?rest_route=%2Fwp%2Fv2%2Fcomments&post=1049"}],"version-history":[{"count":3,"href":"https:\/\/dev.lumins.tn\/index.php?rest_route=\/wp\/v2\/product\/1049\/revisions"}],"predecessor-version":[{"id":1052,"href":"https:\/\/dev.lumins.tn\/index.php?rest_route=\/wp\/v2\/product\/1049\/revisions\/1052"}],"wp:featuredmedia":[{"embeddable":true,"href":"https:\/\/dev.lumins.tn\/index.php?rest_route=\/wp\/v2\/media\/1039"}],"wp:attachment":[{"href":"https:\/\/dev.lumins.tn\/index.php?rest_route=%2Fwp%2Fv2%2Fmedia&parent=1049"}],"wp:term":[{"taxonomy":"product_brand","embeddable":true,"href":"https:\/\/dev.lumins.tn\/index.php?rest_route=%2Fwp%2Fv2%2Fproduct_brand&post=1049"},{"taxonomy":"product_cat","embeddable":true,"href":"https:\/\/dev.lumins.tn\/index.php?rest_route=%2Fwp%2Fv2%2Fproduct_cat&post=1049"},{"taxonomy":"product_tag","embeddable":true,"href":"https:\/\/dev.lumins.tn\/index.php?rest_route=%2Fwp%2Fv2%2Fproduct_tag&post=1049"}],"curies":[{"name":"wp","href":"https:\/\/api.w.org\/{rel}","templated":true}]}}